{"id":10188,"date":"2025-09-03T06:11:16","date_gmt":"2025-09-03T03:11:16","guid":{"rendered":"https:\/\/ekanchem.com\/?page_id=10188"},"modified":"2025-09-03T09:19:13","modified_gmt":"2025-09-03T06:19:13","slug":"ekan-kimya-sanayi-ve-ticaret-a-s-kvkk-ve-gizlilik-politikasi","status":"publish","type":"page","link":"https:\/\/ekanchem.com\/en\/ekan-kimya-sanayi-ve-ticaret-a-s-kvkk-ve-gizlilik-politikasi\/","title":{"rendered":"KVKK ve Gizlilik Politikas\u0131"},"content":{"rendered":"<div class=\"fusion-fullwidth fullwidth-box fusion-builder-row-1 fusion-flex-container has-pattern-background has-mask-background nonhundred-percent-fullwidth non-hundred-percent-height-scrolling\" style=\"--awb-border-radius-top-left:0px;--awb-border-radius-top-right:0px;--awb-border-radius-bottom-right:0px;--awb-border-radius-bottom-left:0px;--awb-background-image:linear-gradient(180deg, rgba(255,255,255,0.04) 0%,rgba(255,255,255,0.01) 100%);--awb-flex-wrap:wrap;\" ><div class=\"fusion-builder-row fusion-row fusion-flex-align-items-flex-start fusion-flex-content-wrap\" style=\"max-width:1248px;margin-left: calc(-4% \/ 2 );margin-right: calc(-4% \/ 2 );\"><div class=\"fusion-layout-column fusion_builder_column fusion-builder-column-0 fusion_builder_column_1_1 1_1 fusion-flex-column\" style=\"--awb-bg-size:cover;--awb-width-large:100%;--awb-margin-top-large:0px;--awb-spacing-right-large:1.92%;--awb-margin-bottom-large:20px;--awb-spacing-left-large:1.92%;--awb-width-medium:100%;--awb-order-medium:0;--awb-spacing-right-medium:1.92%;--awb-spacing-left-medium:1.92%;--awb-width-small:100%;--awb-order-small:0;--awb-spacing-right-small:1.92%;--awb-spacing-left-small:1.92%;\"><div class=\"fusion-column-wrapper fusion-column-has-shadow fusion-flex-justify-content-flex-start fusion-content-layout-column\"><div class=\"fusion-text fusion-text-1\"><h1 class=\"fusion-responsive-typography-calculated\" style=\"--fontsize: 70; line-height: 1.1;\" data-start=\"76\" data-end=\"143\" data-fontsize=\"70\" data-lineheight=\"77px\"><strong style=\"font-size: 29px;\" data-start=\"78\" data-end=\"143\" data-fusion-font=\"true\">Ekan Kimya Sanayi ve Ticaret A.\u015e. KVKK ve Gizlilik Politikas\u0131<\/strong><\/h1>\n<p data-start=\"145\" data-end=\"214\"><strong data-start=\"145\" data-end=\"165\">Y\u00fcr\u00fcrl\u00fck Tarihi:<\/strong> 03.09.2015<br data-start=\"176\" data-end=\"179\" \/><strong data-start=\"179\" data-end=\"201\">G\u00fcncelleme Tarihi:<\/strong> 03.09.2025<\/p>\n<p data-start=\"216\" data-end=\"602\">Ekan Kimya Sanayi ve Ticaret A.\u015e. (\u201c\u015eirket\u201d, \u201cbiz\u201d, \u201cbizim\u201d) olarak, m\u00fc\u015fterilerimizin, i\u015f ortaklar\u0131m\u0131z\u0131n ve web sitemizi kullanan t\u00fcm ki\u015filerin (\u201cKi\u015fisel Veri Sahibi\u201d) ki\u015fisel verilerinin g\u00fcvenli\u011fi ve gizlili\u011fine b\u00fcy\u00fck \u00f6nem veriyoruz. \u0130\u015fbu <strong data-start=\"456\" data-end=\"487\">KVKK ve Gizlilik Politikas\u0131<\/strong>, 6698 say\u0131l\u0131 <strong data-start=\"501\" data-end=\"548\">Ki\u015fisel Verilerin Korunmas\u0131 Kanunu (\u201cKVKK\u201d)<\/strong> ve ilgili di\u011fer mevzuata uygun olarak haz\u0131rlanm\u0131\u015ft\u0131r.<\/p>\n<hr data-start=\"604\" data-end=\"607\" \/>\n<h2 class=\"fusion-responsive-typography-calculated\" style=\"--fontsize: 42; line-height: 1.2;\" data-start=\"609\" data-end=\"653\" data-fontsize=\"42\" data-lineheight=\"50.4px\"><span style=\"font-size: 25px;\" data-fusion-font=\"true\">1. <\/span><strong style=\"font-size: 25px;\" data-start=\"615\" data-end=\"653\" data-fusion-font=\"true\">Ki\u015fisel Verilerin \u0130\u015flenme Ama\u00e7lar\u0131<\/strong><\/h2>\n<p data-start=\"655\" data-end=\"719\">Toplad\u0131\u011f\u0131m\u0131z ki\u015fisel veriler, a\u015fa\u011f\u0131daki ama\u00e7larla i\u015flenmektedir:<\/p>\n<ol data-start=\"721\" data-end=\"1187\">\n<li data-start=\"721\" data-end=\"784\">\n<p data-start=\"724\" data-end=\"784\">Hizmetlerimizi sunmak ve s\u00f6zle\u015fmelerimizi yerine getirmek.<\/p>\n<\/li>\n<li data-start=\"785\" data-end=\"859\">\n<p data-start=\"788\" data-end=\"859\">M\u00fc\u015fteri taleplerine yan\u0131t vermek, ileti\u015fim kurmak ve destek sa\u011flamak.<\/p>\n<\/li>\n<li data-start=\"860\" data-end=\"939\">\n<p data-start=\"863\" data-end=\"939\">Yasal y\u00fck\u00fcml\u00fcl\u00fcklerimizi yerine getirmek (maliye, i\u015f hukuku, denetim vb.).<\/p>\n<\/li>\n<li data-start=\"940\" data-end=\"1028\">\n<p data-start=\"943\" data-end=\"1028\">Pazarlama, reklam ve bilgilendirme faaliyetleri y\u00fcr\u00fctmek (r\u0131za al\u0131nmas\u0131 durumunda).<\/p>\n<\/li>\n<li data-start=\"1029\" data-end=\"1097\">\n<p data-start=\"1032\" data-end=\"1097\">\u0130\u015f g\u00fcvenli\u011fi, sa\u011fl\u0131k ve risk y\u00f6netimi uygulamalar\u0131n\u0131 s\u00fcrd\u00fcrmek.<\/p>\n<\/li>\n<li data-start=\"1098\" data-end=\"1187\">\n<p data-start=\"1101\" data-end=\"1187\">Web sitesi ve dijital hizmetlerin i\u015fleyi\u015fini, g\u00fcvenli\u011fini ve performans\u0131n\u0131 sa\u011flamak.<\/p>\n<\/li>\n<\/ol>\n<hr data-start=\"1189\" data-end=\"1192\" \/>\n<h2 class=\"fusion-responsive-typography-calculated\" style=\"--fontsize: 42; line-height: 1.2;\" data-start=\"1194\" data-end=\"1227\" data-fontsize=\"42\" data-lineheight=\"50.4px\"><span style=\"font-size: 25px;\" data-fusion-font=\"true\">2. <\/span><strong style=\"font-size: 25px;\" data-start=\"1200\" data-end=\"1227\" data-fusion-font=\"true\">\u0130\u015flenen Ki\u015fisel Veriler<\/strong><\/h2>\n<p data-start=\"1229\" data-end=\"1281\">A\u015fa\u011f\u0131daki kategorilerde ki\u015fisel veriler i\u015flenebilir:<\/p>\n<ul data-start=\"1283\" data-end=\"1681\">\n<li data-start=\"1283\" data-end=\"1351\">\n<p data-start=\"1285\" data-end=\"1351\">Kimlik bilgileri: Ad, soyad, T.C. kimlik numaras\u0131, do\u011fum tarihi.<\/p>\n<\/li>\n<li data-start=\"1352\" data-end=\"1400\">\n<p data-start=\"1354\" data-end=\"1400\">\u0130leti\u015fim bilgileri: Telefon, e-posta, adres.<\/p>\n<\/li>\n<li data-start=\"1401\" data-end=\"1465\">\n<p data-start=\"1403\" data-end=\"1465\">Finansal bilgiler: Fatura bilgileri, banka hesap numaralar\u0131.<\/p>\n<\/li>\n<li data-start=\"1466\" data-end=\"1518\">\n<p data-start=\"1468\" data-end=\"1518\">Mesleki bilgiler: \u0130\u015f pozisyonu, kurum bilgileri.<\/p>\n<\/li>\n<li data-start=\"1519\" data-end=\"1602\">\n<p data-start=\"1521\" data-end=\"1602\">Web sitesi ve dijital hizmet verileri: IP adresi, taray\u0131c\u0131 bilgileri, \u00e7erezler.<\/p>\n<\/li>\n<li data-start=\"1603\" data-end=\"1681\">\n<p data-start=\"1605\" data-end=\"1681\">G\u00f6rsel ve i\u015fitsel kay\u0131tlar: G\u00fcvenlik kameralar\u0131, toplant\u0131 kay\u0131tlar\u0131 (varsa).<\/p>\n<\/li>\n<\/ul>\n<hr data-start=\"1683\" data-end=\"1686\" \/>\n<h2 class=\"fusion-responsive-typography-calculated\" style=\"--fontsize: 42; line-height: 1.2;\" data-start=\"1688\" data-end=\"1740\" data-fontsize=\"42\" data-lineheight=\"50.4px\"><span style=\"font-size: 25px;\" data-fusion-font=\"true\">3. <\/span><strong style=\"font-size: 25px;\" data-start=\"1694\" data-end=\"1740\" data-fusion-font=\"true\">Ki\u015fisel Verilerin \u0130\u015flenme Hukuki Sebepleri<\/strong><\/h2>\n<p data-start=\"1742\" data-end=\"1844\">Ki\u015fisel veriler, KVKK\u2019n\u0131n 5. ve 6. maddelerine uygun olarak a\u015fa\u011f\u0131daki hukuki sebeplerle i\u015flenmektedir:<\/p>\n<ol data-start=\"1846\" data-end=\"2193\">\n<li data-start=\"1846\" data-end=\"1918\">\n<p data-start=\"1849\" data-end=\"1918\"><strong data-start=\"1849\" data-end=\"1870\">S\u00f6zle\u015fmenin ifas\u0131<\/strong>: Hizmet ve \u00fcr\u00fcn sunumunun yerine getirilmesi.<\/p>\n<\/li>\n<li data-start=\"1919\" data-end=\"1989\">\n<p data-start=\"1922\" data-end=\"1989\"><strong data-start=\"1922\" data-end=\"1944\">Kanunlara uygunluk<\/strong>: Yasal y\u00fck\u00fcml\u00fcl\u00fcklerin yerine getirilmesi.<\/p>\n<\/li>\n<li data-start=\"1990\" data-end=\"2087\">\n<p data-start=\"1993\" data-end=\"2087\"><strong data-start=\"1993\" data-end=\"2010\">Me\u015fru menfaat<\/strong>: \u0130\u015f s\u00fcre\u00e7lerinin g\u00fcvenli\u011fi, pazarlama ve ticari faaliyetlerin y\u00fcr\u00fct\u00fclmesi.<\/p>\n<\/li>\n<li data-start=\"2088\" data-end=\"2193\">\n<p data-start=\"2091\" data-end=\"2193\"><strong data-start=\"2091\" data-end=\"2104\">A\u00e7\u0131k r\u0131za<\/strong>: Ki\u015fisel veri sahibinin \u00f6zg\u00fcr iradesiyle verdi\u011fi r\u0131za (\u00f6rn. pazarlama ve kampanyalar).<\/p>\n<\/li>\n<\/ol>\n<hr data-start=\"2195\" data-end=\"2198\" \/>\n<h2 class=\"fusion-responsive-typography-calculated\" style=\"--fontsize: 42; line-height: 1.2;\" data-start=\"2200\" data-end=\"2239\" data-fontsize=\"42\" data-lineheight=\"50.4px\"><span style=\"font-size: 25px;\" data-fusion-font=\"true\">4. <\/span><strong style=\"font-size: 25px;\" data-start=\"2206\" data-end=\"2239\" data-fusion-font=\"true\">Ki\u015fisel Verilerin Aktar\u0131lmas\u0131<\/strong><\/h2>\n<p data-start=\"2241\" data-end=\"2420\">Ekan Kimya, ki\u015fisel verileri yaln\u0131zca KVKK ve ilgili mevzuat kapsam\u0131nda yetkili ki\u015fi ve kurumlarla payla\u015f\u0131r. Ki\u015fisel veriler, a\u015fa\u011f\u0131daki durumlarda \u00fc\u00e7\u00fcnc\u00fc ki\u015filerle payla\u015f\u0131labilir:<\/p>\n<ul data-start=\"2422\" data-end=\"2684\">\n<li data-start=\"2422\" data-end=\"2506\">\n<p data-start=\"2424\" data-end=\"2506\">Yasal y\u00fck\u00fcml\u00fcl\u00fcklerin yerine getirilmesi amac\u0131yla kamu kurum ve kurulu\u015flar\u0131 ile.<\/p>\n<\/li>\n<li data-start=\"2507\" data-end=\"2580\">\n<p data-start=\"2509\" data-end=\"2580\">\u015eirketin i\u015f s\u00fcre\u00e7lerini y\u00fcr\u00fctmek \u00fczere hizmet sa\u011flay\u0131c\u0131 firmalar ile.<\/p>\n<\/li>\n<li data-start=\"2581\" data-end=\"2684\">\n<p data-start=\"2583\" data-end=\"2684\">A\u00e7\u0131k r\u0131za al\u0131nmas\u0131 halinde i\u015f ortaklar\u0131 veya \u00fc\u00e7\u00fcnc\u00fc taraflarla pazarlama ve bilgilendirme amac\u0131yla.<\/p>\n<\/li>\n<\/ul>\n<p data-start=\"2686\" data-end=\"2829\">Ki\u015fisel verilerin yurtd\u0131\u015f\u0131na aktar\u0131lmas\u0131 durumunda, KVKK ve ilgili uluslararas\u0131 veri koruma mevzuatlar\u0131na uygun g\u00fcvenlik \u00f6nlemleri al\u0131nacakt\u0131r.<\/p>\n<hr data-start=\"2831\" data-end=\"2834\" \/>\n<h2 class=\"fusion-responsive-typography-calculated\" style=\"--fontsize: 42; line-height: 1.2;\" data-start=\"2836\" data-end=\"2878\" data-fontsize=\"42\" data-lineheight=\"50.4px\"><span style=\"font-size: 25px;\" data-fusion-font=\"true\">5. <\/span><strong style=\"font-size: 25px;\" data-start=\"2842\" data-end=\"2878\" data-fusion-font=\"true\">Ki\u015fisel Verilerin Saklama S\u00fcresi<\/strong><\/h2>\n<p data-start=\"2880\" data-end=\"2909\">Ekan Kimya, ki\u015fisel verileri;<\/p>\n<ul data-start=\"2911\" data-end=\"3098\">\n<li data-start=\"2911\" data-end=\"2968\">\n<p data-start=\"2913\" data-end=\"2968\">S\u00f6zle\u015fmenin ifas\u0131 veya hizmetin sa\u011flanmas\u0131 s\u00fcresince,<\/p>\n<\/li>\n<li data-start=\"2969\" data-end=\"3025\">\n<p data-start=\"2971\" data-end=\"3025\">Yasal y\u00fck\u00fcml\u00fcl\u00fckler \u00e7er\u00e7evesinde gerekli s\u00fcre kadar,<\/p>\n<\/li>\n<li data-start=\"3026\" data-end=\"3098\">\n<p data-start=\"3028\" data-end=\"3098\">A\u00e7\u0131k r\u0131za ile i\u015flenen veriler i\u00e7in r\u0131zan\u0131n ge\u00e7erlilik s\u00fcresi boyunca<\/p>\n<\/li>\n<\/ul>\n<p data-start=\"3100\" data-end=\"3190\">saklar ve s\u00fcresi dolan verileri mevzuata uygun \u015fekilde imha eder veya anonim hale getirir.<\/p>\n<hr data-start=\"3192\" data-end=\"3195\" \/>\n<h2 class=\"fusion-responsive-typography-calculated\" style=\"--fontsize: 42; line-height: 1.2;\" data-start=\"3197\" data-end=\"3234\" data-fontsize=\"42\" data-lineheight=\"50.4px\"><span style=\"font-size: 25px;\" data-fusion-font=\"true\">6. <\/span><strong style=\"font-size: 25px;\" data-start=\"3203\" data-end=\"3234\" data-fusion-font=\"true\">Ki\u015fisel Veri Sahibi Haklar\u0131<\/strong><\/h2>\n<p data-start=\"3236\" data-end=\"3317\">KVKK\u2019n\u0131n 11. maddesi uyar\u0131nca, ki\u015fisel veri sahipleri a\u015fa\u011f\u0131daki haklara sahiptir:<\/p>\n<ol data-start=\"3319\" data-end=\"3792\">\n<li data-start=\"3319\" data-end=\"3374\">\n<p data-start=\"3322\" data-end=\"3374\">Ki\u015fisel verilerinin i\u015flenip i\u015flenmedi\u011fini \u00f6\u011frenme.<\/p>\n<\/li>\n<li data-start=\"3375\" data-end=\"3421\">\n<p data-start=\"3378\" data-end=\"3421\">\u0130\u015flenmi\u015fse buna ili\u015fkin bilgi talep etme.<\/p>\n<\/li>\n<li data-start=\"3422\" data-end=\"3496\">\n<p data-start=\"3425\" data-end=\"3496\">Ki\u015fisel verilerin amac\u0131na uygun olarak i\u015flenip i\u015flenmedi\u011fini \u00f6\u011frenme.<\/p>\n<\/li>\n<li data-start=\"3497\" data-end=\"3552\">\n<p data-start=\"3500\" data-end=\"3552\">Yanl\u0131\u015f veya eksik verilerin d\u00fczeltilmesini isteme.<\/p>\n<\/li>\n<li data-start=\"3553\" data-end=\"3615\">\n<p data-start=\"3556\" data-end=\"3615\">Ki\u015fisel verilerin silinmesini veya yok edilmesini isteme.<\/p>\n<\/li>\n<li data-start=\"3616\" data-end=\"3687\">\n<p data-start=\"3619\" data-end=\"3687\">\u0130\u015flenen verilerin ba\u015fka bir veri sorumlusuna aktar\u0131lmas\u0131n\u0131 isteme.<\/p>\n<\/li>\n<li data-start=\"3688\" data-end=\"3745\">\n<p data-start=\"3691\" data-end=\"3745\">R\u0131za verilmi\u015fse, r\u0131zan\u0131n geri al\u0131nmas\u0131n\u0131 talep etme.<\/p>\n<\/li>\n<li data-start=\"3746\" data-end=\"3792\">\n<p data-start=\"3749\" data-end=\"3792\">Veri i\u015flenmesine ili\u015fkin \u015fikayette bulunma.<\/p>\n<\/li>\n<\/ol>\n<hr data-start=\"3794\" data-end=\"3797\" \/>\n<h2 class=\"fusion-responsive-typography-calculated\" style=\"--fontsize: 42; line-height: 1.2;\" data-start=\"3799\" data-end=\"3827\" data-fontsize=\"42\" data-lineheight=\"50.4px\"><span style=\"font-size: 25px;\" data-fusion-font=\"true\">7. <\/span><strong style=\"font-size: 25px;\" data-start=\"3805\" data-end=\"3827\" data-fusion-font=\"true\">G\u00fcvenlik \u00d6nlemleri<\/strong><\/h2>\n<p data-start=\"3829\" data-end=\"3904\">Ki\u015fisel verilerin g\u00fcvenli\u011fi i\u00e7in \u015eirketimiz a\u015fa\u011f\u0131daki \u00f6nlemleri almaktad\u0131r:<\/p>\n<ul data-start=\"3906\" data-end=\"4171\">\n<li data-start=\"3906\" data-end=\"3970\">\n<p data-start=\"3908\" data-end=\"3970\">Fiziksel g\u00fcvenlik: Veri depolama alanlar\u0131na eri\u015fim kontrol\u00fc.<\/p>\n<\/li>\n<li data-start=\"3971\" data-end=\"4065\">\n<p data-start=\"3973\" data-end=\"4065\">Teknik g\u00fcvenlik: Web sitesi ve veri taban\u0131nda \u015fifreleme, firewall ve g\u00fcvenlik yaz\u0131l\u0131mlar\u0131.<\/p>\n<\/li>\n<li data-start=\"4066\" data-end=\"4171\">\n<p data-start=\"4068\" data-end=\"4171\">\u0130dari \u00f6nlemler: \u00c7al\u0131\u015fanlara veri g\u00fcvenli\u011fi e\u011fitimi, yetki s\u0131n\u0131rland\u0131rmalar\u0131 ve gizlilik s\u00f6zle\u015fmeleri.<\/p>\n<\/li>\n<\/ul>\n<hr data-start=\"4173\" data-end=\"4176\" \/>\n<h2 class=\"fusion-responsive-typography-calculated\" style=\"--fontsize: 42; line-height: 1.2;\" data-start=\"4178\" data-end=\"4204\" data-fontsize=\"42\" data-lineheight=\"50.4px\"><span style=\"font-size: 25px;\" data-fusion-font=\"true\">8. <\/span><strong style=\"font-size: 25px;\" data-start=\"4184\" data-end=\"4204\" data-fusion-font=\"true\">\u00c7erez Politikas\u0131<\/strong><\/h2>\n<p data-start=\"4206\" data-end=\"4473\">Web sitemiz kullan\u0131c\u0131 deneyimini geli\u015ftirmek ve analiz yapmak amac\u0131yla \u00e7erezler kullanabilir. Kullan\u0131c\u0131lar \u00e7erezleri taray\u0131c\u0131 ayarlar\u0131ndan reddedebilir veya silebilir. \u00c7erez kullan\u0131m\u0131, ki\u015fisel veri i\u015fleme kapsam\u0131nda de\u011ferlendirilir ve KVKK\u2019ya uygun \u015fekilde y\u00f6netilir.<\/p>\n<hr data-start=\"4475\" data-end=\"4478\" \/>\n<h2 class=\"fusion-responsive-typography-calculated\" style=\"--fontsize: 42; line-height: 1.2;\" data-start=\"4480\" data-end=\"4515\" data-fontsize=\"42\" data-lineheight=\"50.4px\"><span style=\"font-size: 25px;\" data-fusion-font=\"true\">9. <\/span><strong style=\"font-size: 25px;\" data-start=\"4486\" data-end=\"4515\" data-fusion-font=\"true\">Politikan\u0131n G\u00fcncellenmesi<\/strong><\/h2>\n<p data-start=\"4517\" data-end=\"4688\">\u0130\u015fbu politika, kanunlarda veya \u015firket uygulamalar\u0131nda meydana gelebilecek de\u011fi\u015fiklikler do\u011frultusunda g\u00fcncellenebilir. G\u00fcncellemeler, web sitemiz \u00fczerinden duyurulacakt\u0131r.<\/p>\n<hr data-start=\"4690\" data-end=\"4693\" \/>\n<h2 class=\"fusion-responsive-typography-calculated\" style=\"--fontsize: 42; line-height: 1.2;\" data-start=\"4695\" data-end=\"4714\" data-fontsize=\"42\" data-lineheight=\"50.4px\"><span style=\"font-size: 25px;\" data-fusion-font=\"true\">10. <\/span><strong style=\"font-size: 25px;\" data-start=\"4702\" data-end=\"4714\" data-fusion-font=\"true\">\u0130leti\u015fim<\/strong><\/h2>\n<p data-start=\"4716\" data-end=\"4845\">Ki\u015fisel veri sahipleri, KVKK ve gizlilik haklar\u0131n\u0131 kullanmak veya bilgi almak i\u00e7in a\u015fa\u011f\u0131daki ileti\u015fim kanallar\u0131n\u0131 kullanabilir:<\/p>\n<p data-start=\"4847\" data-end=\"5029\"><strong data-start=\"4847\" data-end=\"4884\">Ekan Kimya Sanayi ve Ticaret A.\u015e.<\/strong><br data-start=\"4884\" data-end=\"4887\" \/>Adres: Ayd\u0131nl\u0131 Kosb Mah. Kimyac\u0131lar OSB Analitik Cad. No:70 34956 Tuzla \/ \u0130stanbul<br data-start=\"4969\" data-end=\"4972\" \/>E-posta: <a class=\"decorated-link cursor-pointer\" rel=\"noopener\" data-start=\"4981\" data-end=\"4998\">info@ekanchem.com<\/a><br data-start=\"4998\" data-end=\"5001\" \/>Telefon: +90 216 504 42 37<\/p>\n<\/div><\/div><\/div><\/div><\/div>\n","protected":false},"excerpt":{"rendered":"","protected":false},"author":7,"featured_media":0,"parent":0,"menu_order":0,"comment_status":"closed","ping_status":"closed","template":"100-width.php","meta":{"footnotes":""},"class_list":["post-10188","page","type-page","status-publish","hentry"],"_links":{"self":[{"href":"https:\/\/ekanchem.com\/en\/wp-json\/wp\/v2\/pages\/10188","targetHints":{"allow":["GET"]}}],"collection":[{"href":"https:\/\/ekanchem.com\/en\/wp-json\/wp\/v2\/pages"}],"about":[{"href":"https:\/\/ekanchem.com\/en\/wp-json\/wp\/v2\/types\/page"}],"author":[{"embeddable":true,"href":"https:\/\/ekanchem.com\/en\/wp-json\/wp\/v2\/users\/7"}],"replies":[{"embeddable":true,"href":"https:\/\/ekanchem.com\/en\/wp-json\/wp\/v2\/comments?post=10188"}],"version-history":[{"count":3,"href":"https:\/\/ekanchem.com\/en\/wp-json\/wp\/v2\/pages\/10188\/revisions"}],"predecessor-version":[{"id":10254,"href":"https:\/\/ekanchem.com\/en\/wp-json\/wp\/v2\/pages\/10188\/revisions\/10254"}],"wp:attachment":[{"href":"https:\/\/ekanchem.com\/en\/wp-json\/wp\/v2\/media?parent=10188"}],"curies":[{"name":"wp","href":"https:\/\/api.w.org\/{rel}","templated":true}]}}